{"id":933,"date":"2022-07-21T11:47:53","date_gmt":"2022-07-21T11:47:53","guid":{"rendered":"https:\/\/www.talosluxuryvillas.com\/about-us\/"},"modified":"2022-08-04T07:26:12","modified_gmt":"2022-08-04T07:26:12","slug":"about-us","status":"publish","type":"page","link":"https:\/\/www.talosluxuryvillas.com\/de\/about-us\/","title":{"rendered":"\u00dcber uns"},"content":{"rendered":"<p>[vc_row full_width=&#8220;stretch_row_content&#8220; bg_type=&#8220;image&#8220; el_class=&#8220;second-section-aboutus nomob&#8220;][vc_column width=&#8220;1\/2&#8243;][\/vc_column][vc_column css_animation=&#8220;fadeInRight&#8220; width=&#8220;1\/2&#8243; el_class=&#8220;sec-section-right-col&#8220;][vc_column_text el_class=&#8220;second-section-heading&#8220;]<\/p>\n<h1 style=\"text-align: center;\">TALOS LUXURY VILLAS<br \/>\n<span class=\"gold-span\">IN CHANIA KRETA<\/span><\/h1>\n<p>[\/vc_column_text][vc_column_text el_class=&#8220;sec-section-text&#8220;]Unser Unternehmen wurde gegr\u00fcndet, um allen, die Hilfe und Beratung bei der Verwaltung ihrer Immobilien ben\u00f6tigen, einen qualitativ hochwertigen Service zu bieten.<\/p>\n<p>Nachdem wir 1998 in Belgien begonnen und mit sehr starken und weltweit bekannten Unternehmen zusammengearbeitet haben, haben wir beschlossen, unser Know-how und unsere Erfahrung in Griechenland anzubieten. Seit 2017 sind wir in Chania t\u00e4tig und arbeiten hart und mit einer Vision, um starke Beziehungen des gegenseitigen Vertrauens mit Immobilienbesitzern oder jedem, der im Immobiliensektor t\u00e4tig sein m\u00f6chte, aufzubauen. Wir m\u00f6chten unser Wissen und unsere Erfahrung weitergeben, um unseren Kunden zu helfen, die richtigen und rentablen Entscheidungen zu treffen und Fallstricke und Missverst\u00e4ndnisse zu vermeiden, die zu Kapitalverlusten f\u00fchren k\u00f6nnen.<\/p>\n<p>Unsere Aufgabe ist es, die Lebensqualit\u00e4t der Eigent\u00fcmer jeder von uns betreuten Immobilie zu sch\u00fctzen und zu verbessern, indem wir kreativ denken und mit ihnen zusammenarbeiten, um ihnen Wahlm\u00f6glichkeiten zu bieten und ihnen dabei zu helfen, genau zu verstehen, was die richtige Entscheidung sein k\u00f6nnte und wie sie am besten umgesetzt werden kann.<\/p>\n<p>Setzen Sie sich mit uns in Verbindung, um gemeinsam herauszufinden, wie wir alle Abl\u00e4ufe rund um Ihre Immobilie vereinfachen k\u00f6nnen.[\/vc_column_text][\/vc_column][\/vc_row][vc_row full_width=&#8220;stretch_row_content&#8220; bg_type=&#8220;image&#8220; el_class=&#8220;second-section-home second-section-aboutus onlymob&#8220;][vc_column css_animation=&#8220;fadeInRight&#8220; width=&#8220;1\/2&#8243; el_class=&#8220;sec-section-right-col&#8220;][vc_column_text el_class=&#8220;second-section-heading&#8220;]<\/p>\n<h1 style=\"text-align: center;\">TALOS LUXURY VILLAS<br \/>\n<span class=\"gold-span\">IN CHANIA KRETA<\/span><\/h1>\n<p>[\/vc_column_text][vc_column_text el_class=&#8220;sec-section-text&#8220;]Unser Unternehmen wurde gegr\u00fcndet, um allen, die Hilfe und Beratung bei der Verwaltung ihrer Immobilien ben\u00f6tigen, einen qualitativ hochwertigen Service zu bieten.<\/p>\n<p>Nachdem wir 1998 in Belgien begonnen und mit sehr starken und weltweit bekannten Unternehmen zusammengearbeitet haben, haben wir beschlossen, unser Know-how und unsere Erfahrung in Griechenland anzubieten. Seit 2017 sind wir in Chania t\u00e4tig und arbeiten hart und mit einer Vision, um starke Beziehungen des gegenseitigen Vertrauens mit Immobilienbesitzern oder jedem, der im Immobiliensektor t\u00e4tig sein m\u00f6chte, aufzubauen. Wir m\u00f6chten unser Wissen und unsere Erfahrung weitergeben, um unseren Kunden zu helfen, die richtigen und rentablen Entscheidungen zu treffen und Fallstricke und Missverst\u00e4ndnisse zu vermeiden, die zu Kapitalverlusten f\u00fchren k\u00f6nnen.<\/p>\n<p>Unsere Aufgabe ist es, die Lebensqualit\u00e4t der Eigent\u00fcmer jeder von uns betreuten Immobilie zu sch\u00fctzen und zu verbessern, indem wir kreativ denken und mit ihnen zusammenarbeiten, um ihnen Wahlm\u00f6glichkeiten zu bieten und ihnen dabei zu helfen, genau zu verstehen, was die richtige Entscheidung sein k\u00f6nnte und wie sie am besten umgesetzt werden kann.<\/p>\n<p>Setzen Sie sich mit uns in Verbindung, um gemeinsam herauszufinden, wie wir alle Abl\u00e4ufe rund um Ihre Immobilie vereinfachen k\u00f6nnen.[\/vc_column_text][\/vc_column][vc_column width=&#8220;1\/2&#8243; el_class=&#8220;img-col-home-img&#8220;][vc_single_image image=&#8220;598&#8243; img_size=&#8220;full&#8220; el_class=&#8220;poueinai&#8220;][\/vc_column][\/vc_row]<\/p>\n","protected":false},"excerpt":{"rendered":"<p>[vc_row full_width=&#8220;stretch_row_content&#8220; bg_type=&#8220;image&#8220; el_class=&#8220;second-section-aboutus nomob&#8220;][vc_column width=&#8220;1\/2&#8243;][\/vc_column][vc_column css_animation=&#8220;fadeInRight&#8220; width=&#8220;1\/2&#8243; el_class=&#8220;sec-section-right-col&#8220;][vc_column_text el_class=&#8220;second-section-heading&#8220;] TALOS LUXURY VILLAS IN CHANIA KRETA [\/vc_column_text][vc_column_text el_class=&#8220;sec-section-text&#8220;]Unser Unternehmen wurde gegr\u00fcndet, um allen, die Hilfe und<span class=\"excerpt-hellip\"> [\u2026]<\/span><\/p>\n","protected":false},"author":1,"featured_media":0,"parent":0,"menu_order":0,"comment_status":"closed","ping_status":"closed","template":"","meta":{"_seopress_robots_primary_cat":"","_mi_skip_tracking":false,"footnotes":""},"class_list":["post-933","page","type-page","status-publish","hentry"],"acf":[],"_links":{"self":[{"href":"https:\/\/www.talosluxuryvillas.com\/de\/wp-json\/wp\/v2\/pages\/933","targetHints":{"allow":["GET"]}}],"collection":[{"href":"https:\/\/www.talosluxuryvillas.com\/de\/wp-json\/wp\/v2\/pages"}],"about":[{"href":"https:\/\/www.talosluxuryvillas.com\/de\/wp-json\/wp\/v2\/types\/page"}],"author":[{"embeddable":true,"href":"https:\/\/www.talosluxuryvillas.com\/de\/wp-json\/wp\/v2\/users\/1"}],"replies":[{"embeddable":true,"href":"https:\/\/www.talosluxuryvillas.com\/de\/wp-json\/wp\/v2\/comments?post=933"}],"version-history":[{"count":4,"href":"https:\/\/www.talosluxuryvillas.com\/de\/wp-json\/wp\/v2\/pages\/933\/revisions"}],"predecessor-version":[{"id":937,"href":"https:\/\/www.talosluxuryvillas.com\/de\/wp-json\/wp\/v2\/pages\/933\/revisions\/937"}],"wp:attachment":[{"href":"https:\/\/www.talosluxuryvillas.com\/de\/wp-json\/wp\/v2\/media?parent=933"}],"curies":[{"name":"wp","href":"https:\/\/api.w.org\/{rel}","templated":true}]}}