{"id":1333,"date":"2022-06-07T06:50:09","date_gmt":"2022-06-07T06:50:09","guid":{"rendered":"https:\/\/www.talosluxuryvillas.com\/privacy-policy\/"},"modified":"2022-11-08T10:38:21","modified_gmt":"2022-11-08T08:38:21","slug":"privacy-policy","status":"publish","type":"page","link":"https:\/\/www.talosluxuryvillas.com\/de\/privacy-policy\/","title":{"rendered":"Privacy Policy"},"content":{"rendered":"<p>[vc_row el_class=&#8220;gdprmargin&#8220;][vc_column][vc_column_text el_class=&#8220;cokh1&#8243;]<\/p>\n<h1 class=\"cokh1\">Datenschutz-Bestimmungen<\/h1>\n<p>[\/vc_column_text][\/vc_column][\/vc_row][vc_row css=&#8220;.vc_custom_1659692577080{margin-top: 35px !important;margin-bottom: 35px !important;}&#8220;][vc_column][vc_column_text]<\/p>\n<div class=\"gdpr-texts\">\n<p>Diese Datenschutzrichtlinie wurde geschrieben, um denjenigen, die daran interessiert sind, wie wir ihre pers\u00f6nlichen Daten auf unserer Website verwenden, einen besseren Service zu bieten.<\/p>\n<p>Bitte lesen Sie unsere Datenschutzbestimmungen sorgf\u00e4ltig durch, um klar zu verstehen, wie wir Ihre pers\u00f6nlichen Daten auf unserer Website sammeln, verwenden und sch\u00fctzen.<\/p>\n<p>&lt;h3&gt;Welche pers\u00f6nlichen Daten sammeln wir von Benutzern, die unsere Website besuchen?&lt;\/h3&gt;<\/p>\n<p>Bei der Bestellung, Buchung oder Anmeldung auf unserer Website werden Sie m\u00f6glicherweise aufgefordert, Ihren Namen, Ihre E-Mail-Adresse, Ihre Telefonnummer oder andere Informationen einzugeben, um Ihre Erfahrungen oder Ihren Verkauf zu verbessern.<\/p>\n<p>&lt;h3&gt;Wann sammeln wir Informationen?&lt;\/h3&gt;<\/p>\n<p>Wir sammeln Informationen von Ihnen, wenn Sie sich auf unserer Website anmelden, eine Bestellung aufgeben, ein Zimmer anfordern oder reservieren, einen Newsletter abonnieren, ein Formular ausf\u00fcllen, unseren Live-Chat nutzen, ein Support-Ticket \u00f6ffnen oder Informationen auf unserer Website eingeben.<\/p>\n<p>&lt;h3&gt;Wie verwenden wir Ihre Daten?&lt;\/h3&gt;<\/p>\n<p>Wir k\u00f6nnen die von Ihnen gesammelten Informationen verwenden, wenn Sie sich registrieren, einen Kauf t\u00e4tigen, sich f\u00fcr unseren Newsletter anmelden, eine Anfrage oder Buchung stellen, eine Umfrage oder Marketingkommunikation beantworten, auf unserer Website navigieren oder bestimmte andere Website-Funktionen im Folgenden verwenden Wege:<\/p>\n<p>&lt;ul&gt;<\/p>\n<p>&lt;li&gt;um Ihre Erfahrung so zu personalisieren, dass wir die Art von Inhalten und Produkten liefern k\u00f6nnen, an denen Sie am meisten interessiert sind.&lt;\/li&gt;<\/p>\n<p>&lt;li&gt;Verbessern Sie unsere Website, um Sie besser bedienen zu k\u00f6nnen.&lt;\/li&gt;<\/p>\n<p>&lt;li&gt;um Sie bei Kundenanfragen besser bedienen zu k\u00f6nnen.&lt;\/li&gt;<\/p>\n<p>&lt;li&gt;um Ihre Transaktionen schnell zu bearbeiten.&lt;\/li&gt;<\/p>\n<p>&lt;li&gt;um Bewertungen und Bewertungen f\u00fcr unsere Dienstleistungen oder Produkte anzufordern&lt;\/li&gt;<\/p>\n<p>&lt;li&gt;f\u00fcr Follow ups (Chat, E-Mail oder Telefonkommunikation)&lt;\/li&gt;<\/p>\n<p>&lt;\/ul&gt;<\/p>\n<p>&lt;h3&gt;Wie sch\u00fctzen wir Ihre Daten?&lt;\/h3&gt;<\/p>\n<p>Wir suchen regelm\u00e4\u00dfig nach Malware und Viren.<\/p>\n<p>Ihre pers\u00f6nlichen Daten befinden sich hinter einem sicheren Netzwerk und sind nur einer begrenzten Anzahl von Personen zug\u00e4nglich, die \u00fcber besondere Zugriffsrechte auf solche Systeme verf\u00fcgen und vertrauliche Informationen aufbewahren m\u00fcssen.<\/p>\n<p>Dar\u00fcber hinaus ist unsere gesamte Site mit der SSL-Technologie (Secure Socket Layer) verschl\u00fcsselt.<\/p>\n<p>Wir wenden auch andere Sicherheitsma\u00dfnahmen (in \u00dcbereinstimmung mit den Datenschutzbestimmungen) an, wenn ein Benutzer eine Bestellung aufgibt oder Zugriff auf seine Informationen erh\u00e4lt, um die Sicherheit pers\u00f6nlicher Informationen zu gew\u00e4hrleisten.<\/p>\n<p>&lt;h3&gt;Weitergabe von Informationen an Dritte&lt;\/h3&gt;<\/p>\n<p>Wir verkaufen, liefern, handeln oder \u00fcbertragen Ihre pers\u00f6nlichen Daten nicht an Dritte.<\/p>\n<p>Wir k\u00f6nnen Informationen bereitstellen, wenn wir ein Gesetz \/ eine Rechtssituation einhalten, unsere Website-Richtlinien implementieren oder unsere Rechte oder die Rechte anderer sch\u00fctzen m\u00fcssen.<\/p>\n<p>&lt;h3&gt;Links von Drittanbietern&lt;\/h3&gt;<\/p>\n<p>Gelegentlich k\u00f6nnen wir nach unserem Ermessen Produkte oder Dienstleistungen von Drittanbietern auf unserer Website aufnehmen oder anbieten. Diese Websites von Drittanbietern haben separate und unabh\u00e4ngige Datenschutzrichtlinien. Daher \u00fcbernehmen wir keine Verantwortung oder Verantwortung f\u00fcr den Inhalt und die Aktivit\u00e4ten dieser verlinkten Seiten. Wir bem\u00fchen uns jedoch, die Integrit\u00e4t unserer Website zu sch\u00fctzen und Kommentare zu diesen Websites zu erhalten.<\/p>\n<p>&lt;h3&gt;Google Analytics&lt;\/h3&gt;<\/p>\n<p>Wir verwenden andere Cookies (z. B. Google Analytics-Cookies).<\/p>\n<p>Wenn Sie die Cookie-Richtlinie w\u00e4hrend Ihres Besuchs auf unserer Website nicht akzeptieren, wird das Google Analytics-Tracking deaktiviert (Sie k\u00f6nnen es blockieren, wenn Sie sich auf unserer Website anmelden).<\/p>\n<p>&nbsp;<\/p>\n<p>Wir sammeln Ihre E-Mail-Adresse (wenn wir Ihre Zustimmung haben):<\/p>\n<p>&lt;ul&gt;<\/p>\n<p>&lt;li&gt;um Ihnen Informationen zu senden, Fragen und \/ oder andere Anfragen zu beantworten&lt;\/li&gt;<\/p>\n<p>&lt;li&gt;um Ihnen Informationen zu Ihrer Bestellung, Anfrage, Buchung oder Rechnung zu senden&lt;\/li&gt;<\/p>\n<p>&lt;li&gt;um Ihnen zus\u00e4tzliche Informationen zu unseren Produkten und \/ oder Dienstleistungen zu senden&lt;\/li&gt;<\/p>\n<p>&lt;\/ul&gt;<\/p>\n<p>Wenn Sie sich jederzeit vom Erhalt zuk\u00fcnftiger E-Mails abmelden m\u00f6chten, k\u00f6nnen Sie uns eine E-Mail an &lt;strong&gt;info@christosplace.gr&lt;\/strong&gt; senden. Wir werden dann ALLE Ihre Informationen sofort aus unserer E-Mail entfernen.<\/p>\n<p>&lt;h3&gt;\u00c4nderungen unserer Datenschutzerkl\u00e4rung&lt;\/h3&gt;<\/p>\n<p>Wir k\u00f6nnen diese \u201eDatenschutzrichtlinie\u201c von Zeit zu Zeit \u00e4ndern, indem wir die neue Version auf unserer Website ver\u00f6ffentlichen. Bei wesentlichen \u00c4nderungen werden wir Sie angemessen warnen. Wir empfehlen Ihnen, unsere Website regelm\u00e4\u00dfig zu besuchen, um dar\u00fcber informiert zu werden, wie wir Ihre pers\u00f6nlichen Daten verwenden.<\/p>\n<p>Wenn Sie unsere Website nach der Ver\u00f6ffentlichung von \u00c4nderungen an unserer Datenschutzrichtlinie weiterhin besuchen, ist dies ein Zeichen f\u00fcr die Akzeptanz der \u00c4nderungen.<\/p>\n<p>&lt;h3&gt;Kontaktiere uns&lt;\/h3&gt;<\/p>\n<p>Wenn Sie Fragen zu unserer Datenschutzrichtlinie haben, k\u00f6nnen Sie uns \u00fcber die folgenden Informationen kontaktieren.<\/p>\n<p>&lt;\/div&gt;<\/p>\n<p>Address:<br \/>\nAgiou Onourfiou 85, 73100<br \/>\nChania Crete, Greece<br \/>\nTel: +30 2821049289<\/p>\n<p>Email: info@talosluxuryvillas.com<\/p>\n<\/div>\n<p>[\/vc_column_text][\/vc_column][\/vc_row]<\/p>\n","protected":false},"excerpt":{"rendered":"<p>[vc_row el_class=&#8220;gdprmargin&#8220;][vc_column][vc_column_text el_class=&#8220;cokh1&#8243;] Datenschutz-Bestimmungen [\/vc_column_text][\/vc_column][\/vc_row][vc_row css=&#8220;.vc_custom_1659692577080{margin-top: 35px !important;margin-bottom: 35px !important;}&#8220;][vc_column][vc_column_text] Diese Datenschutzrichtlinie wurde geschrieben, um denjenigen, die daran interessiert sind, wie wir ihre pers\u00f6nlichen Daten auf<span class=\"excerpt-hellip\"> [\u2026]<\/span><\/p>\n","protected":false},"author":1,"featured_media":0,"parent":0,"menu_order":0,"comment_status":"closed","ping_status":"open","template":"","meta":{"_seopress_robots_primary_cat":"","_mi_skip_tracking":false,"footnotes":""},"class_list":["post-1333","page","type-page","status-publish","hentry"],"acf":[],"_links":{"self":[{"href":"https:\/\/www.talosluxuryvillas.com\/de\/wp-json\/wp\/v2\/pages\/1333","targetHints":{"allow":["GET"]}}],"collection":[{"href":"https:\/\/www.talosluxuryvillas.com\/de\/wp-json\/wp\/v2\/pages"}],"about":[{"href":"https:\/\/www.talosluxuryvillas.com\/de\/wp-json\/wp\/v2\/types\/page"}],"author":[{"embeddable":true,"href":"https:\/\/www.talosluxuryvillas.com\/de\/wp-json\/wp\/v2\/users\/1"}],"replies":[{"embeddable":true,"href":"https:\/\/www.talosluxuryvillas.com\/de\/wp-json\/wp\/v2\/comments?post=1333"}],"version-history":[{"count":6,"href":"https:\/\/www.talosluxuryvillas.com\/de\/wp-json\/wp\/v2\/pages\/1333\/revisions"}],"predecessor-version":[{"id":3270,"href":"https:\/\/www.talosluxuryvillas.com\/de\/wp-json\/wp\/v2\/pages\/1333\/revisions\/3270"}],"wp:attachment":[{"href":"https:\/\/www.talosluxuryvillas.com\/de\/wp-json\/wp\/v2\/media?parent=1333"}],"curies":[{"name":"wp","href":"https:\/\/api.w.org\/{rel}","templated":true}]}}