{"id":1320,"date":"2022-08-08T04:39:19","date_gmt":"2022-08-08T07:39:19","guid":{"rendered":"https:\/\/www.talosluxuryvillas.com\/personal-data\/"},"modified":"2022-11-08T10:38:32","modified_gmt":"2022-11-08T08:38:32","slug":"personal-data","status":"publish","type":"page","link":"https:\/\/www.talosluxuryvillas.com\/de\/personal-data\/","title":{"rendered":"Personal Data"},"content":{"rendered":"<p>[vc_row el_class=&#8220;gdprmargin&#8220;][vc_column][vc_column_text el_class=&#8220;cokh1&#8243;]<\/p>\n<h1 class=\"cokh1\">Pers\u00f6nliche Daten<\/h1>\n<p>[\/vc_column_text][\/vc_column][\/vc_row][vc_row][vc_column]<div role=\"form\" class=\"wpcf7\" id=\"wpcf7-f1322-o1\" lang=\"en-US\" dir=\"ltr\">\n<div class=\"screen-reader-response\"><p role=\"status\" aria-live=\"polite\" aria-atomic=\"true\"><\/p> <ul><\/ul><\/div>\n<form action=\"\/de\/wp-json\/wp\/v2\/pages\/1320#wpcf7-f1322-o1\" method=\"post\" class=\"wpcf7-form init\" novalidate=\"novalidate\" data-status=\"init\">\n<div style=\"display: none;\">\n<input type=\"hidden\" name=\"_wpcf7\" value=\"1322\" \/>\n<input type=\"hidden\" name=\"_wpcf7_version\" value=\"5.6.1\" \/>\n<input type=\"hidden\" name=\"_wpcf7_locale\" value=\"en_US\" \/>\n<input type=\"hidden\" name=\"_wpcf7_unit_tag\" value=\"wpcf7-f1322-o1\" \/>\n<input type=\"hidden\" name=\"_wpcf7_container_post\" value=\"0\" \/>\n<input type=\"hidden\" name=\"_wpcf7_posted_data_hash\" value=\"\" \/>\n<input type=\"hidden\" name=\"_wpcf7_recaptcha_response\" value=\"\" \/>\n<\/div>\n<p><span class=\"wpcf7-form-control-wrap\" data-name=\"acceptance-337\"><span class=\"wpcf7-form-control wpcf7-acceptance optional\"><span class=\"wpcf7-list-item\"><label><input type=\"checkbox\" name=\"acceptance-337\" value=\"1\" aria-invalid=\"false\" \/><span class=\"wpcf7-list-item-label\">Ich m\u00f6chte, dass Sie mir per E-Mail meine auf dieser Website gesammelten pers\u00f6nlichen Daten oder Ihrem Unternehmen senden.<\/span><\/label><\/span><\/span><\/span><br \/>\n<span class=\"wpcf7-form-control-wrap\" data-name=\"acceptance-337\"><span class=\"wpcf7-form-control wpcf7-acceptance optional\"><span class=\"wpcf7-list-item\"><label><input type=\"checkbox\" name=\"acceptance-337\" value=\"1\" aria-invalid=\"false\" \/><span class=\"wpcf7-list-item-label\">Ich m\u00f6chte mich von Ihrem Newsletter abmelden.<\/span><\/label><\/span><\/span><\/span><br \/>\n<span class=\"wpcf7-form-control-wrap\" data-name=\"acceptance-735\"><span class=\"wpcf7-form-control wpcf7-acceptance optional\"><span class=\"wpcf7-list-item\"><label><input type=\"checkbox\" name=\"acceptance-735\" value=\"1\" aria-invalid=\"false\" \/><span class=\"wpcf7-list-item-label\">Ich m\u00f6chte, dass alle meine pers\u00f6nlichen Daten und Kommentare, die auf dieser Website oder in Ihrem Unternehmen gesammelt wurden, gel\u00f6scht werden.<\/span><\/label><\/span><\/span><\/span><br \/>\n<span class=\"wpcf7-form-control-wrap\" data-name=\"acceptance-891\"><span class=\"wpcf7-form-control wpcf7-acceptance optional\"><span class=\"wpcf7-list-item\"><label><input type=\"checkbox\" name=\"acceptance-891\" value=\"1\" aria-invalid=\"false\" \/><span class=\"wpcf7-list-item-label\">Ich m\u00f6chte, dass der Administrator Ihrer Site meine Daten korrigiert.<\/span><\/label><\/span><\/span><\/span><br \/>\n<span class=\"wpcf7-form-control-wrap\" data-name=\"acceptance-891\"><span class=\"wpcf7-form-control wpcf7-acceptance optional\"><span class=\"wpcf7-list-item\"><label><input type=\"checkbox\" name=\"acceptance-891\" value=\"1\" aria-invalid=\"false\" \/><span class=\"wpcf7-list-item-label\">Ich stimme der \u00dcbermittlung meiner E-Mail zu, um die von mir angeforderten Daten zu erhalten. Weitere Informationen finden Sie auf der Seite Datenschutzbestimmungen.<\/span><\/label><\/span><\/span><\/span><br \/>\n<input type=\"submit\" value=\"Einreichen\" class=\"wpcf7-form-control has-spinner wpcf7-submit\" \/><\/p>\n<div class=\"wpcf7-response-output\" aria-hidden=\"true\"><\/div><\/form><\/div>[\/vc_column][\/vc_row]<\/p>\n","protected":false},"excerpt":{"rendered":"<p>[vc_row el_class=&#8220;gdprmargin&#8220;][vc_column][vc_column_text el_class=&#8220;cokh1&#8243;] Pers\u00f6nliche Daten [\/vc_column_text][\/vc_column][\/vc_row][vc_row][vc_column][\/vc_column][\/vc_row]<\/p>\n","protected":false},"author":1,"featured_media":0,"parent":0,"menu_order":0,"comment_status":"closed","ping_status":"closed","template":"","meta":{"_seopress_robots_primary_cat":"","_mi_skip_tracking":false,"footnotes":""},"class_list":["post-1320","page","type-page","status-publish","hentry"],"acf":[],"_links":{"self":[{"href":"https:\/\/www.talosluxuryvillas.com\/de\/wp-json\/wp\/v2\/pages\/1320","targetHints":{"allow":["GET"]}}],"collection":[{"href":"https:\/\/www.talosluxuryvillas.com\/de\/wp-json\/wp\/v2\/pages"}],"about":[{"href":"https:\/\/www.talosluxuryvillas.com\/de\/wp-json\/wp\/v2\/types\/page"}],"author":[{"embeddable":true,"href":"https:\/\/www.talosluxuryvillas.com\/de\/wp-json\/wp\/v2\/users\/1"}],"replies":[{"embeddable":true,"href":"https:\/\/www.talosluxuryvillas.com\/de\/wp-json\/wp\/v2\/comments?post=1320"}],"version-history":[{"count":5,"href":"https:\/\/www.talosluxuryvillas.com\/de\/wp-json\/wp\/v2\/pages\/1320\/revisions"}],"predecessor-version":[{"id":3272,"href":"https:\/\/www.talosluxuryvillas.com\/de\/wp-json\/wp\/v2\/pages\/1320\/revisions\/3272"}],"wp:attachment":[{"href":"https:\/\/www.talosluxuryvillas.com\/de\/wp-json\/wp\/v2\/media?parent=1320"}],"curies":[{"name":"wp","href":"https:\/\/api.w.org\/{rel}","templated":true}]}}