{"id":1188,"date":"2022-06-07T10:47:05","date_gmt":"2022-06-07T10:47:05","guid":{"rendered":"https:\/\/www.talosluxuryvillas.com\/villa-construction\/"},"modified":"2023-01-25T12:11:17","modified_gmt":"2023-01-25T10:11:17","slug":"villa-construction","status":"publish","type":"page","link":"https:\/\/www.talosluxuryvillas.com\/de\/villa-construction\/","title":{"rendered":"BAUWESEN"},"content":{"rendered":"<p>[vc_row full_width=&#8220;stretch_row_content_no_spaces&#8220; el_class=&#8220;property-man-section1&#8243;][vc_column][vc_single_image image=&#8220;1141&#8243; img_size=&#8220;full&#8220; el_class=&#8220;property-wallpaper&#8220;][\/vc_column][\/vc_row][vc_row el_class=&#8220;property-man-section2&#8243;][vc_column][vc_column_text el_class=&#8220;property-sec-section-heading&#8220;]<\/p>\n<h1>Bauwesen auf Kreta<\/h1>\n<p>[\/vc_column_text][vc_row_inner el_class=&#8220;nomarg&#8220;][vc_column_inner width=&#8220;1\/2&#8243;][vc_column_text]Wir \u00fcbernehmen die Abwicklung aller Vorg\u00e4nge vom Grundst\u00fcckskauf \u00fcber die Planung und den Bau des Geb\u00e4udes bis zur \u00dcbergabe an den Bauherrn, so dass unsere Kunden Zeit und Geld sparen.<\/p>\n<p>Unser Team besteht aus spezialisierten Wissenschaftlern, Juristen, Ingenieuren, Architekten, Dekorateuren und hochqualifiziertem technischem Personal, die sich mit Wissen und Verantwortung verpflichten, Sie zu begleiten und mit Ihnen eine Immobilie von hohem baulichem und \u00e4sthetischem Standard zu schaffen.<\/p>\n<p>Dar\u00fcber hinaus, \u00fcbernehmen wir aber auch die Renovierung oder Instandhaltung einer bestehenden Immobilie und f\u00fchren entsprechende Arbeiten z\u00fcgig und qualitativ hochwertig durch, um sicherzustellen, dass die Immobilie in bestm\u00f6glichem Zustand bleibt und dem Eigent\u00fcmer ein m\u00f6glichst hohes Einkommen bringt.[\/vc_column_text][\/vc_column_inner][vc_column_inner width=&#8220;1\/2&#8243;][vc_images_carousel images=&#8220;4092,4095,4098,4101,4104,4107,4110,4113,4116,4119,4122,4125,4128,4131,4134,4086,4089&#8243; img_size=&#8220;full&#8220; speed=&#8220;3000&#8243; autoplay=&#8220;yes&#8220;][\/vc_column_inner][\/vc_row_inner][\/vc_column][\/vc_row]<\/p>\n","protected":false},"excerpt":{"rendered":"<p>[vc_row full_width=&#8220;stretch_row_content_no_spaces&#8220; el_class=&#8220;property-man-section1&#8243;][vc_column][vc_single_image image=&#8220;1141&#8243; img_size=&#8220;full&#8220; el_class=&#8220;property-wallpaper&#8220;][\/vc_column][\/vc_row][vc_row el_class=&#8220;property-man-section2&#8243;][vc_column][vc_column_text el_class=&#8220;property-sec-section-heading&#8220;] Bauwesen auf Kreta [\/vc_column_text][vc_row_inner el_class=&#8220;nomarg&#8220;][vc_column_inner width=&#8220;1\/2&#8243;][vc_column_text]Wir \u00fcbernehmen die Abwicklung aller Vorg\u00e4nge vom Grundst\u00fcckskauf \u00fcber die Planung und den<span class=\"excerpt-hellip\"> [\u2026]<\/span><\/p>\n","protected":false},"author":1,"featured_media":0,"parent":0,"menu_order":0,"comment_status":"closed","ping_status":"closed","template":"","meta":{"_seopress_robots_primary_cat":"","_mi_skip_tracking":false,"footnotes":""},"class_list":["post-1188","page","type-page","status-publish","hentry"],"acf":[],"_links":{"self":[{"href":"https:\/\/www.talosluxuryvillas.com\/de\/wp-json\/wp\/v2\/pages\/1188","targetHints":{"allow":["GET"]}}],"collection":[{"href":"https:\/\/www.talosluxuryvillas.com\/de\/wp-json\/wp\/v2\/pages"}],"about":[{"href":"https:\/\/www.talosluxuryvillas.com\/de\/wp-json\/wp\/v2\/types\/page"}],"author":[{"embeddable":true,"href":"https:\/\/www.talosluxuryvillas.com\/de\/wp-json\/wp\/v2\/users\/1"}],"replies":[{"embeddable":true,"href":"https:\/\/www.talosluxuryvillas.com\/de\/wp-json\/wp\/v2\/comments?post=1188"}],"version-history":[{"count":7,"href":"https:\/\/www.talosluxuryvillas.com\/de\/wp-json\/wp\/v2\/pages\/1188\/revisions"}],"predecessor-version":[{"id":4139,"href":"https:\/\/www.talosluxuryvillas.com\/de\/wp-json\/wp\/v2\/pages\/1188\/revisions\/4139"}],"wp:attachment":[{"href":"https:\/\/www.talosluxuryvillas.com\/de\/wp-json\/wp\/v2\/media?parent=1188"}],"curies":[{"name":"wp","href":"https:\/\/api.w.org\/{rel}","templated":true}]}}