{"id":1185,"date":"2022-06-07T10:45:32","date_gmt":"2022-06-07T10:45:32","guid":{"rendered":"https:\/\/www.talosluxuryvillas.com\/property-management\/"},"modified":"2022-08-04T11:24:40","modified_gmt":"2022-08-04T11:24:40","slug":"property-management","status":"publish","type":"page","link":"https:\/\/www.talosluxuryvillas.com\/de\/property-management\/","title":{"rendered":"IMMOBILIENVERWALTUNG"},"content":{"rendered":"<p>[vc_row full_width=&#8220;stretch_row_content_no_spaces&#8220; el_class=&#8220;property-man-section1&#8243;][vc_column][vc_single_image image=&#8220;1140&#8243; img_size=&#8220;full&#8220; el_class=&#8220;property-wallpaper&#8220;][\/vc_column][\/vc_row][vc_row el_class=&#8220;property-man-section2&#8243;][vc_column][vc_column_text el_class=&#8220;property-sec-section-heading&#8220;]<\/p>\n<h1>Immobilienverwaltung<\/h1>\n<p>[\/vc_column_text][vc_row_inner el_class=&#8220;nomarg&#8220;][vc_column_inner width=&#8220;1\/2&#8243;][vc_column_text]Bei der Immobilienverwaltung arbeiten wir auf zwei Ebenen und haben dabei immer die effektivste Nutzung der Immobilien unserer Kunden im Auge, um die Eigent\u00fcmer von der Verwaltung ihrer Immobilien zu entlasten.<\/p>\n<p>Einerseits, \u00fcbernehmen wir die dynamische Werbung f\u00fcr die Immobilie, indem wir sie auf den gr\u00f6\u00dften Online-Plattformen wie Airbnb, Booking. com, Expedia usw. bewerben.<\/p>\n<p>Andererseits, verpflichten wir uns, den Eigent\u00fcmer, der aufgrund der Entfernung oder aus anderen pers\u00f6nlichen Gr\u00fcnden nicht in der Lage ist, sein Objekt selbst zu verwalten, von jeglicher Sorge um Reservierung, Check-in, Check-out, Reinigung, Reparaturen, \u00dcberwachung und Kommunikation mit den Kunden zu befreien.[\/vc_column_text][\/vc_column_inner][vc_column_inner width=&#8220;1\/2&#8243;][vc_single_image image=&#8220;1117&#8243; img_size=&#8220;800 x 530&#8243; el_class=&#8220;right-photo-pg&#8220;][\/vc_column_inner][\/vc_row_inner][\/vc_column][\/vc_row]<\/p>\n","protected":false},"excerpt":{"rendered":"<p>[vc_row full_width=&#8220;stretch_row_content_no_spaces&#8220; el_class=&#8220;property-man-section1&#8243;][vc_column][vc_single_image image=&#8220;1140&#8243; img_size=&#8220;full&#8220; el_class=&#8220;property-wallpaper&#8220;][\/vc_column][\/vc_row][vc_row el_class=&#8220;property-man-section2&#8243;][vc_column][vc_column_text el_class=&#8220;property-sec-section-heading&#8220;] Immobilienverwaltung [\/vc_column_text][vc_row_inner el_class=&#8220;nomarg&#8220;][vc_column_inner width=&#8220;1\/2&#8243;][vc_column_text]Bei der Immobilienverwaltung arbeiten wir auf zwei Ebenen und haben dabei immer die effektivste Nutzung<span class=\"excerpt-hellip\"> [\u2026]<\/span><\/p>\n","protected":false},"author":1,"featured_media":0,"parent":0,"menu_order":0,"comment_status":"closed","ping_status":"closed","template":"","meta":{"_seopress_robots_primary_cat":"","_mi_skip_tracking":false,"footnotes":""},"class_list":["post-1185","page","type-page","status-publish","hentry"],"acf":[],"_links":{"self":[{"href":"https:\/\/www.talosluxuryvillas.com\/de\/wp-json\/wp\/v2\/pages\/1185","targetHints":{"allow":["GET"]}}],"collection":[{"href":"https:\/\/www.talosluxuryvillas.com\/de\/wp-json\/wp\/v2\/pages"}],"about":[{"href":"https:\/\/www.talosluxuryvillas.com\/de\/wp-json\/wp\/v2\/types\/page"}],"author":[{"embeddable":true,"href":"https:\/\/www.talosluxuryvillas.com\/de\/wp-json\/wp\/v2\/users\/1"}],"replies":[{"embeddable":true,"href":"https:\/\/www.talosluxuryvillas.com\/de\/wp-json\/wp\/v2\/comments?post=1185"}],"version-history":[{"count":3,"href":"https:\/\/www.talosluxuryvillas.com\/de\/wp-json\/wp\/v2\/pages\/1185\/revisions"}],"predecessor-version":[{"id":1205,"href":"https:\/\/www.talosluxuryvillas.com\/de\/wp-json\/wp\/v2\/pages\/1185\/revisions\/1205"}],"wp:attachment":[{"href":"https:\/\/www.talosluxuryvillas.com\/de\/wp-json\/wp\/v2\/media?parent=1185"}],"curies":[{"name":"wp","href":"https:\/\/api.w.org\/{rel}","templated":true}]}}